{"id":17,"date":"2022-05-09T15:24:29","date_gmt":"2022-05-09T13:24:29","guid":{"rendered":"https:\/\/unmondedebasket.com\/?page_id=17"},"modified":"2024-05-28T22:04:31","modified_gmt":"2024-05-28T20:04:31","slug":"contact","status":"publish","type":"page","link":"https:\/\/unmondedebasket.com\/?page_id=17","title":{"rendered":"Contact"},"content":{"rendered":"\t\t<div data-elementor-type=\"wp-page\" data-elementor-id=\"17\" class=\"elementor elementor-17\" data-elementor-post-type=\"page\">\n\t\t\t\t\t\t<section class=\"elementor-section elementor-top-section elementor-element elementor-element-15179d4 elementor-section-boxed elementor-section-height-default elementor-section-height-default\" data-id=\"15179d4\" data-element_type=\"section\" data-e-type=\"section\">\n\t\t\t\t\t\t<div class=\"elementor-container elementor-column-gap-default\">\n\t\t\t\t\t<div class=\"elementor-column elementor-col-100 elementor-top-column elementor-element elementor-element-f6395dd\" data-id=\"f6395dd\" data-element_type=\"column\" data-e-type=\"column\">\n\t\t\t<div class=\"elementor-widget-wrap elementor-element-populated\">\n\t\t\t\t\t\t<div class=\"elementor-element elementor-element-852199c elementor-widget elementor-widget-heading\" data-id=\"852199c\" data-element_type=\"widget\" data-e-type=\"widget\" data-widget_type=\"heading.default\">\n\t\t\t\t<div class=\"elementor-widget-container\">\n\t\t\t\t\t<h2 class=\"elementor-heading-title elementor-size-default\">Retrouvez nous ! <\/h2>\t\t\t\t<\/div>\n\t\t\t\t<\/div>\n\t\t\t\t<div class=\"elementor-element elementor-element-79d1e93 elementor-widget elementor-widget-google_maps\" data-id=\"79d1e93\" data-element_type=\"widget\" data-e-type=\"widget\" data-widget_type=\"google_maps.default\">\n\t\t\t\t<div class=\"elementor-widget-container\">\n\t\t\t\t\t\t\t<div class=\"elementor-custom-embed\">\n\t\t\t<iframe loading=\"lazy\"\n\t\t\t\t\tsrc=\"https:\/\/maps.google.com\/maps?q=6%20place%20des%20Jacobins%2C%2069002%20Lyon&#038;t=m&#038;z=10&#038;output=embed&#038;iwloc=near\"\n\t\t\t\t\ttitle=\"6 place des Jacobins, 69002 Lyon\"\n\t\t\t\t\taria-label=\"6 place des Jacobins, 69002 Lyon\"\n\t\t\t><\/iframe>\n\t\t<\/div>\n\t\t\t\t\t\t<\/div>\n\t\t\t\t<\/div>\n\t\t\t\t\t<\/div>\n\t\t<\/div>\n\t\t\t\t\t<\/div>\n\t\t<\/section>\n\t\t\t\t<section class=\"elementor-section elementor-top-section elementor-element elementor-element-e35bd82 elementor-section-boxed elementor-section-height-default elementor-section-height-default\" data-id=\"e35bd82\" data-element_type=\"section\" data-e-type=\"section\">\n\t\t\t\t\t\t<div class=\"elementor-container elementor-column-gap-default\">\n\t\t\t\t\t<div class=\"elementor-column elementor-col-100 elementor-top-column elementor-element elementor-element-e9a9648\" data-id=\"e9a9648\" data-element_type=\"column\" data-e-type=\"column\">\n\t\t\t<div class=\"elementor-widget-wrap elementor-element-populated\">\n\t\t\t\t\t\t<div class=\"elementor-element elementor-element-1f59102 elementor-widget elementor-widget-heading\" data-id=\"1f59102\" data-element_type=\"widget\" data-e-type=\"widget\" data-widget_type=\"heading.default\">\n\t\t\t\t<div class=\"elementor-widget-container\">\n\t\t\t\t\t<h2 class=\"elementor-heading-title elementor-size-default\">Nous contacter<\/h2>\t\t\t\t<\/div>\n\t\t\t\t<\/div>\n\t\t\t\t<section class=\"elementor-section elementor-inner-section elementor-element elementor-element-2b99fdb elementor-section-boxed elementor-section-height-default elementor-section-height-default\" data-id=\"2b99fdb\" data-element_type=\"section\" data-e-type=\"section\">\n\t\t\t\t\t\t<div class=\"elementor-container elementor-column-gap-default\">\n\t\t\t\t\t<div class=\"elementor-column elementor-col-50 elementor-inner-column elementor-element elementor-element-a50b2d2\" data-id=\"a50b2d2\" data-element_type=\"column\" data-e-type=\"column\">\n\t\t\t<div class=\"elementor-widget-wrap elementor-element-populated\">\n\t\t\t\t\t\t<div class=\"elementor-element elementor-element-d50524b elementor-view-default elementor-position-block-start elementor-mobile-position-block-start elementor-widget elementor-widget-icon-box\" data-id=\"d50524b\" data-element_type=\"widget\" data-e-type=\"widget\" data-widget_type=\"icon-box.default\">\n\t\t\t\t<div class=\"elementor-widget-container\">\n\t\t\t\t\t\t\t<div class=\"elementor-icon-box-wrapper\">\n\n\t\t\t\t\t\t<div class=\"elementor-icon-box-icon\">\n\t\t\t\t<span  class=\"elementor-icon\">\n\t\t\t\t<i aria-hidden=\"true\" class=\"fas fa-phone-alt\"><\/i>\t\t\t\t<\/span>\n\t\t\t<\/div>\n\t\t\t\n\t\t\t\t\t\t<div class=\"elementor-icon-box-content\">\n\n\t\t\t\t\t\t\t\t\t<h3 class=\"elementor-icon-box-title\">\n\t\t\t\t\t\t<span  >\n\t\t\t\t\t\t\t06.60.96.19.02\t\t\t\t\t\t<\/span>\n\t\t\t\t\t<\/h3>\n\t\t\t\t\n\t\t\t\t\n\t\t\t<\/div>\n\t\t\t\n\t\t<\/div>\n\t\t\t\t\t\t<\/div>\n\t\t\t\t<\/div>\n\t\t\t\t<div class=\"elementor-element elementor-element-ff53151 elementor-view-default elementor-position-block-start elementor-mobile-position-block-start elementor-widget elementor-widget-icon-box\" data-id=\"ff53151\" data-element_type=\"widget\" data-e-type=\"widget\" data-widget_type=\"icon-box.default\">\n\t\t\t\t<div class=\"elementor-widget-container\">\n\t\t\t\t\t\t\t<div class=\"elementor-icon-box-wrapper\">\n\n\t\t\t\t\t\t<div class=\"elementor-icon-box-icon\">\n\t\t\t\t<span  class=\"elementor-icon\">\n\t\t\t\t<i aria-hidden=\"true\" class=\"fas fa-envelope\"><\/i>\t\t\t\t<\/span>\n\t\t\t<\/div>\n\t\t\t\n\t\t\t\t\t\t<div class=\"elementor-icon-box-content\">\n\n\t\t\t\t\t\t\t\t\t<h3 class=\"elementor-icon-box-title\">\n\t\t\t\t\t\t<span  >\n\t\t\t\t\t\t\tcontact@unmondedebasket\t\t\t\t\t\t<\/span>\n\t\t\t\t\t<\/h3>\n\t\t\t\t\n\t\t\t\t\n\t\t\t<\/div>\n\t\t\t\n\t\t<\/div>\n\t\t\t\t\t\t<\/div>\n\t\t\t\t<\/div>\n\t\t\t\t<div class=\"elementor-element elementor-element-747e7eb elementor-view-default elementor-position-block-start elementor-mobile-position-block-start elementor-widget elementor-widget-icon-box\" data-id=\"747e7eb\" data-element_type=\"widget\" data-e-type=\"widget\" data-widget_type=\"icon-box.default\">\n\t\t\t\t<div class=\"elementor-widget-container\">\n\t\t\t\t\t\t\t<div class=\"elementor-icon-box-wrapper\">\n\n\t\t\t\t\t\t<div class=\"elementor-icon-box-icon\">\n\t\t\t\t<span  class=\"elementor-icon\">\n\t\t\t\t<i aria-hidden=\"true\" class=\"fas fa-home\"><\/i>\t\t\t\t<\/span>\n\t\t\t<\/div>\n\t\t\t\n\t\t\t\t\t\t<div class=\"elementor-icon-box-content\">\n\n\t\t\t\t\t\t\t\t\t<h3 class=\"elementor-icon-box-title\">\n\t\t\t\t\t\t<span  >\n\t\t\t\t\t\t\t6 place des Jacobins, 69002 Lyon\t\t\t\t\t\t<\/span>\n\t\t\t\t\t<\/h3>\n\t\t\t\t\n\t\t\t\t\n\t\t\t<\/div>\n\t\t\t\n\t\t<\/div>\n\t\t\t\t\t\t<\/div>\n\t\t\t\t<\/div>\n\t\t\t\t\t<\/div>\n\t\t<\/div>\n\t\t\t\t<div class=\"elementor-column elementor-col-50 elementor-inner-column elementor-element elementor-element-04bbd51\" data-id=\"04bbd51\" data-element_type=\"column\" data-e-type=\"column\">\n\t\t\t<div class=\"elementor-widget-wrap elementor-element-populated\">\n\t\t\t\t\t\t<div class=\"elementor-element elementor-element-4996f87 elementor-widget elementor-widget-formidable\" data-id=\"4996f87\" data-element_type=\"widget\" data-e-type=\"widget\" data-widget_type=\"formidable.default\">\n\t\t\t\t<div class=\"elementor-widget-container\">\n\t\t\t\t\t<div class=\"frm_forms  with_frm_style frm_style_style-formidable\" id=\"frm_form_2_container\" data-token=\"32f71a69863802be5d7df4a076a2ae84\">\n<form enctype=\"multipart\/form-data\" method=\"post\" class=\"frm-show-form \" id=\"form_formulairedecontact\" data-token=\"32f71a69863802be5d7df4a076a2ae84\">\n<div class=\"frm_form_fields \">\n<fieldset>\n<legend class=\"frm_screen_reader\">Formulaire de contact<\/legend>\r\n\r\n<div class=\"frm_fields_container\">\n<input type=\"hidden\" name=\"frm_action\" value=\"create\" \/>\n<input type=\"hidden\" name=\"form_id\" value=\"2\" \/>\n<input type=\"hidden\" name=\"frm_hide_fields_2\" id=\"frm_hide_fields_2\" value=\"\" \/>\n<input type=\"hidden\" name=\"form_key\" value=\"formulairedecontact\" \/>\n<input type=\"hidden\" name=\"item_meta[0]\" value=\"\" \/>\n<input type=\"hidden\" id=\"frm_submit_entry_2\" name=\"frm_submit_entry_2\" value=\"df0b55e717\" \/><input type=\"hidden\" name=\"_wp_http_referer\" value=\"\/index.php?rest_route=%2Fwp%2Fv2%2Fpages%2F17\" \/><div id=\"frm_field_6_container\" class=\"frm_form_field form-field  frm_required_field frm_top_container\">\r\n    <label for=\"field_bnjgy\" id=\"field_bnjgy_label\" class=\"frm_primary_label\">Nom\r\n        <span class=\"frm_required\" aria-hidden=\"true\">*<\/span>\r\n    <\/label>\r\n    <input type=\"text\" id=\"field_bnjgy\" name=\"item_meta[6]\" value=\"\"  data-reqmsg=\"Nom ne peut pas \u00eatre vide.\" aria-required=\"true\" data-invmsg=\"texte est non valide\" aria-invalid=\"false\"  \/>\r\n    \r\n    \r\n<\/div>\n<div id=\"frm_field_7_container\" class=\"frm_form_field form-field  frm_required_field frm_top_container\">\r\n    <label for=\"field_ss5k0\" id=\"field_ss5k0_label\" class=\"frm_primary_label\">Pr\u00e9nom\r\n        <span class=\"frm_required\" aria-hidden=\"true\">*<\/span>\r\n    <\/label>\r\n    <input type=\"text\" id=\"field_ss5k0\" name=\"item_meta[7]\" value=\"\"  data-reqmsg=\"Pr\u00e9nom ne peut pas \u00eatre vide.\" aria-required=\"true\" data-invmsg=\"texte est non valide\" aria-invalid=\"false\"  \/>\r\n    \r\n    \r\n<\/div>\n<div id=\"frm_field_8_container\" class=\"frm_form_field form-field  frm_required_field frm_top_container frm12 frm_first\">\r\n    <label for=\"field_8yn0z\" id=\"field_8yn0z_label\" class=\"frm_primary_label\">Email\r\n        <span class=\"frm_required\" aria-hidden=\"true\">*<\/span>\r\n    <\/label>\r\n    <input type=\"email\" id=\"field_8yn0z\" name=\"item_meta[8]\" value=\"\"  data-reqmsg=\"Email ne peut pas \u00eatre vide.\" aria-required=\"true\" data-invmsg=\"Email est non valide\" aria-invalid=\"false\"  \/>\r\n    \r\n    \r\n<\/div>\n<div id=\"frm_field_9_container\" class=\"frm_form_field form-field  frm_required_field frm_top_container frm12 frm_first\">\r\n    <label for=\"field_y6rji\" id=\"field_y6rji_label\" class=\"frm_primary_label\">Objet\r\n        <span class=\"frm_required\" aria-hidden=\"true\">*<\/span>\r\n    <\/label>\r\n    \t\t<select name=\"item_meta[9]\" id=\"field_y6rji\"  data-reqmsg=\"Objet ne peut pas \u00eatre vide.\" aria-required=\"true\" data-invmsg=\"Objet est non valide\" aria-invalid=\"false\"  >\n\t\t<option  value=\"C\u00e9dric : R\u00e9clamation, renseignement, RDV\">C\u00e9dric : R\u00e9clamation, renseignement, RDV<\/option><option  value=\"Pierre : Sp\u00e9cialiste de Trail &amp; Running\">Pierre : Sp\u00e9cialiste de Trail &amp; Running<\/option><option  value=\"David: sp\u00e9cialiste du sport collectif\">David: sp\u00e9cialiste du sport collectif<\/option><option  value=\"Simon: Vente Priv\u00e9e\">Simon: Vente Priv\u00e9e<\/option>\t<\/select>\n\t\r\n    \r\n    \r\n<\/div>\n<div id=\"frm_field_10_container\" class=\"frm_form_field form-field  frm_required_field frm_top_container\">\r\n    <label for=\"field_ml6x\" id=\"field_ml6x_label\" class=\"frm_primary_label\">Votre message\r\n        <span class=\"frm_required\" aria-hidden=\"true\">*<\/span>\r\n    <\/label>\r\n    <textarea name=\"item_meta[10]\" id=\"field_ml6x\" rows=\"5\"  data-reqmsg=\"Votre message ne peut pas \u00eatre vide.\" aria-required=\"true\" data-invmsg=\"Votre message est non valide\" aria-invalid=\"false\"  ><\/textarea>\r\n    \r\n    \r\n<\/div>\n\t<input type=\"hidden\" name=\"item_key\" value=\"\" \/>\n\t\t\t<div id=\"frm_field_11_container\">\n\t\t\t<label for=\"field_4fl02\" >\n\t\t\t\tSi vous \u00eates un humain, ne remplissez pas ce champ.\t\t\t<\/label>\n\t\t\t<input  id=\"field_4fl02\" type=\"text\" class=\"frm_form_field form-field frm_verify\" name=\"item_meta[11]\" value=\"\"  \/>\n\t\t<\/div>\n\t\t<input name=\"frm_state\" type=\"hidden\" value=\"oZmCMVlvgcHcxJHrc8d+xfZlvD8hxi0rcy2FjE8FHp0=\" \/><div class=\"frm_submit\">\r\n\r\n<button class=\"frm_button_submit\" type=\"submit\"  >Envoyer<\/button>\r\n\r\n<\/div><\/div>\n<\/fieldset>\n<\/div>\n\n<\/form>\n<\/div>\n\t\t\t\t<\/div>\n\t\t\t\t<\/div>\n\t\t\t\t\t<\/div>\n\t\t<\/div>\n\t\t\t\t\t<\/div>\n\t\t<\/section>\n\t\t\t\t\t<\/div>\n\t\t<\/div>\n\t\t\t\t\t<\/div>\n\t\t<\/section>\n\t\t\t\t<\/div>\n\t\t","protected":false},"excerpt":{"rendered":"<p>Retrouvez nous ! Nous contacter 06.60.96.19.02 contact@unmondedebasket 6 place des Jacobins, 69002 Lyon Formulaire de contact Nom * Pr\u00e9nom * Email * Objet * C\u00e9dric : R\u00e9clamation, renseignement, RDVPierre : Sp\u00e9cialiste de Trail &amp; RunningDavid: sp\u00e9cialiste du sport collectifSimon: Vente Priv\u00e9e Votre message * Si vous \u00eates un humain, ne remplissez pas ce champ. Envoyer<\/p>\n","protected":false},"author":1,"featured_media":0,"parent":0,"menu_order":0,"comment_status":"closed","ping_status":"closed","template":"","meta":{"om_disable_all_campaigns":false,"_monsterinsights_skip_tracking":false,"_monsterinsights_sitenote_active":false,"_monsterinsights_sitenote_note":"","_monsterinsights_sitenote_category":0,"footnotes":""},"class_list":["post-17","page","type-page","status-publish","hentry"],"yoast_head":"<!-- This site is optimized with the Yoast SEO plugin v22.8 - https:\/\/yoast.com\/wordpress\/plugins\/seo\/ -->\n<title>Contact - Un Monde de Basket<\/title>\n<meta name=\"robots\" content=\"index, follow, max-snippet:-1, max-image-preview:large, max-video-preview:-1\" \/>\n<link rel=\"canonical\" href=\"https:\/\/unmondedebasket.com\/?page_id=17\" \/>\n<meta property=\"og:locale\" content=\"fr_FR\" \/>\n<meta property=\"og:type\" content=\"article\" \/>\n<meta property=\"og:title\" content=\"Contact - Un Monde de Basket\" \/>\n<meta property=\"og:description\" content=\"Retrouvez nous ! Nous contacter 06.60.96.19.02 contact@unmondedebasket 6 place des Jacobins, 69002 Lyon Formulaire de contact Nom * Pr\u00e9nom * Email * Objet * C\u00e9dric : R\u00e9clamation, renseignement, RDVPierre : Sp\u00e9cialiste de Trail &amp; RunningDavid: sp\u00e9cialiste du sport collectifSimon: Vente Priv\u00e9e Votre message * Si vous \u00eates un humain, ne remplissez pas ce champ. Envoyer\" \/>\n<meta property=\"og:url\" content=\"https:\/\/unmondedebasket.com\/?page_id=17\" \/>\n<meta property=\"og:site_name\" content=\"Un Monde de Basket\" \/>\n<meta property=\"article:modified_time\" content=\"2024-05-28T20:04:31+00:00\" \/>\n<meta name=\"twitter:card\" content=\"summary_large_image\" \/>\n<meta name=\"twitter:label1\" content=\"Dur\u00e9e de lecture estim\u00e9e\" \/>\n\t<meta name=\"twitter:data1\" content=\"1 minute\" \/>\n<script type=\"application\/ld+json\" class=\"yoast-schema-graph\">{\"@context\":\"https:\/\/schema.org\",\"@graph\":[{\"@type\":\"WebPage\",\"@id\":\"https:\/\/unmondedebasket.com\/?page_id=17\",\"url\":\"https:\/\/unmondedebasket.com\/?page_id=17\",\"name\":\"Contact - Un Monde de Basket\",\"isPartOf\":{\"@id\":\"http:\/\/unmondedebasket.com\/#website\"},\"datePublished\":\"2022-05-09T13:24:29+00:00\",\"dateModified\":\"2024-05-28T20:04:31+00:00\",\"breadcrumb\":{\"@id\":\"https:\/\/unmondedebasket.com\/?page_id=17#breadcrumb\"},\"inLanguage\":\"fr-FR\",\"potentialAction\":[{\"@type\":\"ReadAction\",\"target\":[\"https:\/\/unmondedebasket.com\/?page_id=17\"]}]},{\"@type\":\"BreadcrumbList\",\"@id\":\"https:\/\/unmondedebasket.com\/?page_id=17#breadcrumb\",\"itemListElement\":[{\"@type\":\"ListItem\",\"position\":1,\"name\":\"Accueil\",\"item\":\"http:\/\/unmondedebasket.com\/\"},{\"@type\":\"ListItem\",\"position\":2,\"name\":\"Contact\"}]},{\"@type\":\"WebSite\",\"@id\":\"http:\/\/unmondedebasket.com\/#website\",\"url\":\"http:\/\/unmondedebasket.com\/\",\"name\":\"Un Monde de Basket\",\"description\":\"\",\"publisher\":{\"@id\":\"http:\/\/unmondedebasket.com\/#organization\"},\"potentialAction\":[{\"@type\":\"SearchAction\",\"target\":{\"@type\":\"EntryPoint\",\"urlTemplate\":\"http:\/\/unmondedebasket.com\/?s={search_term_string}\"},\"query-input\":\"required name=search_term_string\"}],\"inLanguage\":\"fr-FR\"},{\"@type\":\"Organization\",\"@id\":\"http:\/\/unmondedebasket.com\/#organization\",\"name\":\"Un Monde de Basket\",\"url\":\"http:\/\/unmondedebasket.com\/\",\"logo\":{\"@type\":\"ImageObject\",\"inLanguage\":\"fr-FR\",\"@id\":\"http:\/\/unmondedebasket.com\/#\/schema\/logo\/image\/\",\"url\":\"https:\/\/unmondedebasket.com\/wp-content\/uploads\/2022\/05\/cropped-Un-monde-de-baskets-4.png\",\"contentUrl\":\"https:\/\/unmondedebasket.com\/wp-content\/uploads\/2022\/05\/cropped-Un-monde-de-baskets-4.png\",\"width\":228,\"height\":168,\"caption\":\"Un Monde de Basket\"},\"image\":{\"@id\":\"http:\/\/unmondedebasket.com\/#\/schema\/logo\/image\/\"}}]}<\/script>\n<!-- \/ Yoast SEO plugin. -->","yoast_head_json":{"title":"Contact - Un Monde de Basket","robots":{"index":"index","follow":"follow","max-snippet":"max-snippet:-1","max-image-preview":"max-image-preview:large","max-video-preview":"max-video-preview:-1"},"canonical":"https:\/\/unmondedebasket.com\/?page_id=17","og_locale":"fr_FR","og_type":"article","og_title":"Contact - Un Monde de Basket","og_description":"Retrouvez nous ! Nous contacter 06.60.96.19.02 contact@unmondedebasket 6 place des Jacobins, 69002 Lyon Formulaire de contact Nom * Pr\u00e9nom * Email * Objet * C\u00e9dric : R\u00e9clamation, renseignement, RDVPierre : Sp\u00e9cialiste de Trail &amp; RunningDavid: sp\u00e9cialiste du sport collectifSimon: Vente Priv\u00e9e Votre message * Si vous \u00eates un humain, ne remplissez pas ce champ. Envoyer","og_url":"https:\/\/unmondedebasket.com\/?page_id=17","og_site_name":"Un Monde de Basket","article_modified_time":"2024-05-28T20:04:31+00:00","twitter_card":"summary_large_image","twitter_misc":{"Dur\u00e9e de lecture estim\u00e9e":"1 minute"},"schema":{"@context":"https:\/\/schema.org","@graph":[{"@type":"WebPage","@id":"https:\/\/unmondedebasket.com\/?page_id=17","url":"https:\/\/unmondedebasket.com\/?page_id=17","name":"Contact - Un Monde de Basket","isPartOf":{"@id":"http:\/\/unmondedebasket.com\/#website"},"datePublished":"2022-05-09T13:24:29+00:00","dateModified":"2024-05-28T20:04:31+00:00","breadcrumb":{"@id":"https:\/\/unmondedebasket.com\/?page_id=17#breadcrumb"},"inLanguage":"fr-FR","potentialAction":[{"@type":"ReadAction","target":["https:\/\/unmondedebasket.com\/?page_id=17"]}]},{"@type":"BreadcrumbList","@id":"https:\/\/unmondedebasket.com\/?page_id=17#breadcrumb","itemListElement":[{"@type":"ListItem","position":1,"name":"Accueil","item":"http:\/\/unmondedebasket.com\/"},{"@type":"ListItem","position":2,"name":"Contact"}]},{"@type":"WebSite","@id":"http:\/\/unmondedebasket.com\/#website","url":"http:\/\/unmondedebasket.com\/","name":"Un Monde de Basket","description":"","publisher":{"@id":"http:\/\/unmondedebasket.com\/#organization"},"potentialAction":[{"@type":"SearchAction","target":{"@type":"EntryPoint","urlTemplate":"http:\/\/unmondedebasket.com\/?s={search_term_string}"},"query-input":"required name=search_term_string"}],"inLanguage":"fr-FR"},{"@type":"Organization","@id":"http:\/\/unmondedebasket.com\/#organization","name":"Un Monde de Basket","url":"http:\/\/unmondedebasket.com\/","logo":{"@type":"ImageObject","inLanguage":"fr-FR","@id":"http:\/\/unmondedebasket.com\/#\/schema\/logo\/image\/","url":"https:\/\/unmondedebasket.com\/wp-content\/uploads\/2022\/05\/cropped-Un-monde-de-baskets-4.png","contentUrl":"https:\/\/unmondedebasket.com\/wp-content\/uploads\/2022\/05\/cropped-Un-monde-de-baskets-4.png","width":228,"height":168,"caption":"Un Monde de Basket"},"image":{"@id":"http:\/\/unmondedebasket.com\/#\/schema\/logo\/image\/"}}]}},"_links":{"self":[{"href":"https:\/\/unmondedebasket.com\/index.php?rest_route=\/wp\/v2\/pages\/17","targetHints":{"allow":["GET"]}}],"collection":[{"href":"https:\/\/unmondedebasket.com\/index.php?rest_route=\/wp\/v2\/pages"}],"about":[{"href":"https:\/\/unmondedebasket.com\/index.php?rest_route=\/wp\/v2\/types\/page"}],"author":[{"embeddable":true,"href":"https:\/\/unmondedebasket.com\/index.php?rest_route=\/wp\/v2\/users\/1"}],"replies":[{"embeddable":true,"href":"https:\/\/unmondedebasket.com\/index.php?rest_route=%2Fwp%2Fv2%2Fcomments&post=17"}],"version-history":[{"count":17,"href":"https:\/\/unmondedebasket.com\/index.php?rest_route=\/wp\/v2\/pages\/17\/revisions"}],"predecessor-version":[{"id":746,"href":"https:\/\/unmondedebasket.com\/index.php?rest_route=\/wp\/v2\/pages\/17\/revisions\/746"}],"wp:attachment":[{"href":"https:\/\/unmondedebasket.com\/index.php?rest_route=%2Fwp%2Fv2%2Fmedia&parent=17"}],"curies":[{"name":"wp","href":"https:\/\/api.w.org\/{rel}","templated":true}]}}